{"id":111,"date":"2025-09-11T13:20:09","date_gmt":"2025-09-11T11:20:09","guid":{"rendered":"https:\/\/woodpeacker-home.com\/?page_id=111"},"modified":"2025-09-12T11:37:11","modified_gmt":"2025-09-12T09:37:11","slug":"hut","status":"publish","type":"page","link":"https:\/\/woodpeacker-home.com\/?page_id=111","title":{"rendered":"HUST"},"content":{"rendered":"\t\t<div data-elementor-type=\"wp-page\" data-elementor-id=\"111\" class=\"elementor elementor-111\">\n\t\t\t\t<div class=\"elementor-element elementor-element-4ee3651 e-flex e-con-boxed e-con e-parent\" data-id=\"4ee3651\" data-element_type=\"container\">\n\t\t\t\t\t<div class=\"e-con-inner\">\n\t\t\t\t<div class=\"elementor-element elementor-element-3fa5eeb elementor-widget elementor-widget-heading\" data-id=\"3fa5eeb\" data-element_type=\"widget\" data-widget_type=\"heading.default\">\n\t\t\t\t\t<h2 class=\"elementor-heading-title elementor-size-default\"><h3 data-start=\"104\" data-end=\"147\" style=\"font-family: Oswald, sans-serif;font-size: 36px\">Wprowadzenie do naszego projektu domu<span style=\"font-family: Roboto, sans-serif;font-size: 42px\"><\/span><\/h3><\/h2>\t\t\t\t<\/div>\n\t\t\t\t\t<\/div>\n\t\t\t\t<\/div>\n\t\t<div class=\"elementor-element elementor-element-6b92deb e-flex e-con-boxed e-con e-parent\" data-id=\"6b92deb\" data-element_type=\"container\">\n\t\t\t\t\t<div class=\"e-con-inner\">\n\t\t\t\t<div class=\"elementor-element elementor-element-aa9c86b elementor-widget elementor-widget-text-editor\" data-id=\"aa9c86b\" data-element_type=\"widget\" data-widget_type=\"text-editor.default\">\n\t\t\t\t\t\t\t\t\t<h3 data-start=\"104\" data-end=\"147\"><span style=\"font-size: 18px; font-family: Roboto, sans-serif; font-weight: 400;\">Ten projekt jest kwintesencj\u0105 naszej filozofii: po\u0142\u0105czenia zr\u00f3wnowa\u017conej innowacji z ponadczasowym designem. Od samego pocz\u0105tku naszym celem by\u0142o stworzenie domu, kt\u00f3ry nie tylko spe\u0142nia wsp\u00f3\u0142czesne standardy komfortu i funkcjonalno\u015bci, ale r\u00f3wnie\u017c wyznacza nowe kierunki w ekologicznym budownictwie.<\/span><\/h3>\n<p data-start=\"453\" data-end=\"867\">Dom zosta\u0142 zaprojektowany z trosk\u0105 zar\u00f3wno o ludzi, jak i o \u015brodowisko. Dzi\u0119ki wykorzystaniu materia\u0142\u00f3w z odzysku i surowc\u00f3w odnawialnych, w po\u0142\u0105czeniu z nowoczesn\u0105 technologi\u0105 prefabrykacji, uda\u0142o nam si\u0119 zminimalizowa\u0107 \u015blad w\u0119glowy bez kompromis\u00f3w w jako\u015bci. Ka\u017cdy detal \u015bwiadczy o rzemio\u015ble&nbsp; od czystych linii architektonicznych po ciep\u0142e, naturalne wyko\u0144czenia, kt\u00f3re nadaj\u0105 przestrzeni wyj\u0105tkowy charakter.<\/p>\n<p><\/p>\n<p data-start=\"869\" data-end=\"1132\">To, co naprawd\u0119 wyr\u00f3\u017cnia ten projekt, to r\u00f3wnowaga: <strong data-start=\"921\" data-end=\"1038\">dom praktyczny, a zarazem elegancki; trwa\u0142y, a jednocze\u015bnie lekki; nowoczesny, a jednocze\u015bnie bliski cz\u0142owiekowi.<\/strong> To co\u015b wi\u0119cej ni\u017c budynek&nbsp; to przestrze\u0144 do \u017cycia, kt\u00f3ra inspiruje, dopasowuje si\u0119 i trwa.<\/p>\t\t\t\t\t\t\t\t<\/div>\n\t\t\t\t\t<\/div>\n\t\t\t\t<\/div>\n\t\t<div class=\"elementor-element elementor-element-3af9010 e-flex e-con-boxed e-con e-parent\" data-id=\"3af9010\" data-element_type=\"container\">\n\t\t\t\t\t<div class=\"e-con-inner\">\n\t\t\t\t<div class=\"elementor-element elementor-element-0a70239 elementor-widget elementor-widget-image\" data-id=\"0a70239\" data-element_type=\"widget\" data-widget_type=\"image.default\">\n\t\t\t\t\t\t\t\t\t\t\t\t\t\t\t<img fetchpriority=\"high\" decoding=\"async\" width=\"633\" height=\"640\" src=\"https:\/\/woodpeacker-home.com\/wp-content\/uploads\/2025\/09\/1212.webp\" class=\"attachment-large size-large wp-image-112\" alt=\"\" srcset=\"https:\/\/woodpeacker-home.com\/wp-content\/uploads\/2025\/09\/1212.webp 633w, https:\/\/woodpeacker-home.com\/wp-content\/uploads\/2025\/09\/1212-297x300.webp 297w\" sizes=\"(max-width: 633px) 100vw, 633px\" \/>\t\t\t\t\t\t\t\t\t\t\t\t\t\t\t<\/div>\n\t\t\t\t\t<\/div>\n\t\t\t\t<\/div>\n\t\t<div class=\"elementor-element elementor-element-3b871f4 e-flex e-con-boxed e-con e-parent\" data-id=\"3b871f4\" data-element_type=\"container\">\n\t\t\t\t\t<div class=\"e-con-inner\">\n\t\t\t\t<div class=\"elementor-element elementor-element-89207e6 elementor-widget elementor-widget-image\" data-id=\"89207e6\" data-element_type=\"widget\" data-widget_type=\"image.default\">\n\t\t\t\t\t\t\t\t\t\t\t\t\t\t\t<img decoding=\"async\" width=\"616\" height=\"568\" src=\"https:\/\/woodpeacker-home.com\/wp-content\/uploads\/2025\/09\/36363.webp\" class=\"attachment-large size-large wp-image-116\" alt=\"\" srcset=\"https:\/\/woodpeacker-home.com\/wp-content\/uploads\/2025\/09\/36363.webp 616w, https:\/\/woodpeacker-home.com\/wp-content\/uploads\/2025\/09\/36363-300x277.webp 300w\" sizes=\"(max-width: 616px) 100vw, 616px\" \/>\t\t\t\t\t\t\t\t\t\t\t\t\t\t\t<\/div>\n\t\t\t\t\t<\/div>\n\t\t\t\t<\/div>\n\t\t<div class=\"elementor-element elementor-element-99fd823 e-flex e-con-boxed e-con e-parent\" data-id=\"99fd823\" data-element_type=\"container\">\n\t\t\t\t\t<div class=\"e-con-inner\">\n\t\t\t\t<div class=\"elementor-element elementor-element-d61ebe0 elementor-widget elementor-widget-image\" data-id=\"d61ebe0\" data-element_type=\"widget\" data-widget_type=\"image.default\">\n\t\t\t\t\t\t\t\t\t\t\t\t\t\t\t<img decoding=\"async\" width=\"625\" height=\"730\" src=\"https:\/\/woodpeacker-home.com\/wp-content\/uploads\/2025\/09\/323236.webp\" class=\"attachment-large size-large wp-image-117\" alt=\"\" srcset=\"https:\/\/woodpeacker-home.com\/wp-content\/uploads\/2025\/09\/323236.webp 625w, https:\/\/woodpeacker-home.com\/wp-content\/uploads\/2025\/09\/323236-257x300.webp 257w\" sizes=\"(max-width: 625px) 100vw, 625px\" \/>\t\t\t\t\t\t\t\t\t\t\t\t\t\t\t<\/div>\n\t\t\t\t\t<\/div>\n\t\t\t\t<\/div>\n\t\t<div class=\"elementor-element elementor-element-d568354 e-flex e-con-boxed e-con e-parent\" data-id=\"d568354\" data-element_type=\"container\">\n\t\t\t\t\t<div class=\"e-con-inner\">\n\t\t\t\t<div class=\"elementor-element elementor-element-5b495ae elementor-widget elementor-widget-image\" data-id=\"5b495ae\" data-element_type=\"widget\" data-widget_type=\"image.default\">\n\t\t\t\t\t\t\t\t\t\t\t\t\t\t\t<img loading=\"lazy\" decoding=\"async\" width=\"620\" height=\"927\" src=\"https:\/\/woodpeacker-home.com\/wp-content\/uploads\/2025\/09\/232363.webp\" class=\"attachment-large size-large wp-image-118\" alt=\"\" srcset=\"https:\/\/woodpeacker-home.com\/wp-content\/uploads\/2025\/09\/232363.webp 620w, https:\/\/woodpeacker-home.com\/wp-content\/uploads\/2025\/09\/232363-201x300.webp 201w\" sizes=\"(max-width: 620px) 100vw, 620px\" \/>\t\t\t\t\t\t\t\t\t\t\t\t\t\t\t<\/div>\n\t\t\t\t\t<\/div>\n\t\t\t\t<\/div>\n\t\t<div class=\"elementor-element elementor-element-ca64783 e-flex e-con-boxed e-con e-parent\" data-id=\"ca64783\" data-element_type=\"container\">\n\t\t\t\t\t<div class=\"e-con-inner\">\n\t\t\t\t<div class=\"elementor-element elementor-element-03b5ae0 elementor-widget elementor-widget-image\" data-id=\"03b5ae0\" data-element_type=\"widget\" data-widget_type=\"image.default\">\n\t\t\t\t\t\t\t\t\t\t\t\t\t\t\t<img loading=\"lazy\" decoding=\"async\" width=\"578\" height=\"905\" src=\"https:\/\/woodpeacker-home.com\/wp-content\/uploads\/2025\/09\/969696.webp\" class=\"attachment-large size-large wp-image-120\" alt=\"\" srcset=\"https:\/\/woodpeacker-home.com\/wp-content\/uploads\/2025\/09\/969696.webp 578w, https:\/\/woodpeacker-home.com\/wp-content\/uploads\/2025\/09\/969696-192x300.webp 192w\" sizes=\"(max-width: 578px) 100vw, 578px\" \/>\t\t\t\t\t\t\t\t\t\t\t\t\t\t\t<\/div>\n\t\t\t\t\t<\/div>\n\t\t\t\t<\/div>\n\t\t<div class=\"elementor-element elementor-element-39be94b e-flex e-con-boxed e-con e-parent\" data-id=\"39be94b\" data-element_type=\"container\">\n\t\t\t\t\t<div class=\"e-con-inner\">\n\t\t\t\t<div class=\"elementor-element elementor-element-8d58a0b elementor-widget elementor-widget-image\" data-id=\"8d58a0b\" data-element_type=\"widget\" data-widget_type=\"image.default\">\n\t\t\t\t\t\t\t\t\t\t\t\t\t\t\t<img loading=\"lazy\" decoding=\"async\" width=\"625\" height=\"887\" src=\"https:\/\/woodpeacker-home.com\/wp-content\/uploads\/2025\/09\/989895.webp\" class=\"attachment-large size-large wp-image-121\" alt=\"\" srcset=\"https:\/\/woodpeacker-home.com\/wp-content\/uploads\/2025\/09\/989895.webp 625w, https:\/\/woodpeacker-home.com\/wp-content\/uploads\/2025\/09\/989895-211x300.webp 211w\" sizes=\"(max-width: 625px) 100vw, 625px\" \/>\t\t\t\t\t\t\t\t\t\t\t\t\t\t\t<\/div>\n\t\t\t\t\t<\/div>\n\t\t\t\t<\/div>\n\t\t<div class=\"elementor-element elementor-element-f1dd773 e-flex e-con-boxed e-con e-parent\" data-id=\"f1dd773\" data-element_type=\"container\">\n\t\t\t\t\t<div class=\"e-con-inner\">\n\t\t\t\t<div class=\"elementor-element elementor-element-7cbd568 elementor-widget elementor-widget-button\" data-id=\"7cbd568\" data-element_type=\"widget\" data-widget_type=\"button.default\">\n\t\t\t\t\t\t\t\t\t\t<a class=\"elementor-button elementor-button-link elementor-size-sm\" href=\"https:\/\/woodpeacker-home.com\/?page_id=130#\">\n\t\t\t\t\t\t<span class=\"elementor-button-content-wrapper\">\n\t\t\t\t\t\t\t\t\t<span class=\"elementor-button-text\">skontaktuj si\u0119<\/span>\n\t\t\t\t\t<\/span>\n\t\t\t\t\t<\/a>\n\t\t\t\t\t\t\t\t<\/div>\n\t\t\t\t\t<\/div>\n\t\t\t\t<\/div>\n\t\t\t\t<\/div>\n\t\t","protected":false},"excerpt":{"rendered":"<p>Wprowadzenie do naszego projektu domu Ten projekt jest kwintesencj\u0105 naszej filozofii: po\u0142\u0105czenia zr\u00f3wnowa\u017conej innowacji z ponadczasowym designem. Od samego pocz\u0105tku naszym celem by\u0142o stworzenie domu, kt\u00f3ry nie tylko spe\u0142nia wsp\u00f3\u0142czesne standardy komfortu i funkcjonalno\u015bci, ale r\u00f3wnie\u017c wyznacza nowe kierunki w ekologicznym budownictwie. Dom zosta\u0142 zaprojektowany z trosk\u0105 zar\u00f3wno o ludzi, jak i o \u015brodowisko. Dzi\u0119ki [&hellip;]<\/p>\n","protected":false},"author":1,"featured_media":0,"parent":0,"menu_order":0,"comment_status":"closed","ping_status":"closed","template":"","meta":{"footnotes":""},"class_list":["post-111","page","type-page","status-publish","hentry"],"yoast_head":"<!-- This site is optimized with the Yoast SEO plugin v25.9 - https:\/\/yoast.com\/wordpress\/plugins\/seo\/ -->\n<title>HUST - Woodpeacker-home<\/title>\n<meta name=\"robots\" content=\"index, follow, max-snippet:-1, max-image-preview:large, max-video-preview:-1\" \/>\n<link rel=\"canonical\" href=\"https:\/\/woodpeacker-home.com\/?page_id=111\" \/>\n<meta property=\"og:locale\" content=\"en_US\" \/>\n<meta property=\"og:type\" content=\"article\" \/>\n<meta property=\"og:title\" content=\"HUST - Woodpeacker-home\" \/>\n<meta property=\"og:description\" content=\"Wprowadzenie do naszego projektu domu Ten projekt jest kwintesencj\u0105 naszej filozofii: po\u0142\u0105czenia zr\u00f3wnowa\u017conej innowacji z ponadczasowym designem. Od samego pocz\u0105tku naszym celem by\u0142o stworzenie domu, kt\u00f3ry nie tylko spe\u0142nia wsp\u00f3\u0142czesne standardy komfortu i funkcjonalno\u015bci, ale r\u00f3wnie\u017c wyznacza nowe kierunki w ekologicznym budownictwie. Dom zosta\u0142 zaprojektowany z trosk\u0105 zar\u00f3wno o ludzi, jak i o \u015brodowisko. Dzi\u0119ki [&hellip;]\" \/>\n<meta property=\"og:url\" content=\"https:\/\/woodpeacker-home.com\/?page_id=111\" \/>\n<meta property=\"og:site_name\" content=\"Woodpeacker-home\" \/>\n<meta property=\"article:modified_time\" content=\"2025-09-12T09:37:11+00:00\" \/>\n<meta property=\"og:image\" content=\"https:\/\/woodpeacker-home.com\/wp-content\/uploads\/2025\/09\/1212.webp\" \/>\n\t<meta property=\"og:image:width\" content=\"633\" \/>\n\t<meta property=\"og:image:height\" content=\"640\" \/>\n\t<meta property=\"og:image:type\" content=\"image\/webp\" \/>\n<meta name=\"twitter:card\" content=\"summary_large_image\" \/>\n<meta name=\"twitter:label1\" content=\"Est. reading time\" \/>\n\t<meta name=\"twitter:data1\" content=\"1 minute\" \/>\n<script type=\"application\/ld+json\" class=\"yoast-schema-graph\">{\"@context\":\"https:\/\/schema.org\",\"@graph\":[{\"@type\":\"WebPage\",\"@id\":\"https:\/\/woodpeacker-home.com\/?page_id=111\",\"url\":\"https:\/\/woodpeacker-home.com\/?page_id=111\",\"name\":\"HUST - Woodpeacker-home\",\"isPartOf\":{\"@id\":\"https:\/\/woodpeacker-home.com\/#website\"},\"primaryImageOfPage\":{\"@id\":\"https:\/\/woodpeacker-home.com\/?page_id=111#primaryimage\"},\"image\":{\"@id\":\"https:\/\/woodpeacker-home.com\/?page_id=111#primaryimage\"},\"thumbnailUrl\":\"https:\/\/woodpeacker-home.com\/wp-content\/uploads\/2025\/09\/1212.webp\",\"datePublished\":\"2025-09-11T11:20:09+00:00\",\"dateModified\":\"2025-09-12T09:37:11+00:00\",\"breadcrumb\":{\"@id\":\"https:\/\/woodpeacker-home.com\/?page_id=111#breadcrumb\"},\"inLanguage\":\"en-US\",\"potentialAction\":[{\"@type\":\"ReadAction\",\"target\":[\"https:\/\/woodpeacker-home.com\/?page_id=111\"]}]},{\"@type\":\"ImageObject\",\"inLanguage\":\"en-US\",\"@id\":\"https:\/\/woodpeacker-home.com\/?page_id=111#primaryimage\",\"url\":\"https:\/\/woodpeacker-home.com\/wp-content\/uploads\/2025\/09\/1212.webp\",\"contentUrl\":\"https:\/\/woodpeacker-home.com\/wp-content\/uploads\/2025\/09\/1212.webp\",\"width\":633,\"height\":640},{\"@type\":\"BreadcrumbList\",\"@id\":\"https:\/\/woodpeacker-home.com\/?page_id=111#breadcrumb\",\"itemListElement\":[{\"@type\":\"ListItem\",\"position\":1,\"name\":\"Home\",\"item\":\"https:\/\/woodpeacker-home.com\/\"},{\"@type\":\"ListItem\",\"position\":2,\"name\":\"HUST\"}]},{\"@type\":\"WebSite\",\"@id\":\"https:\/\/woodpeacker-home.com\/#website\",\"url\":\"https:\/\/woodpeacker-home.com\/\",\"name\":\"Woodpeacker-home\",\"description\":\"Woodpeacker-home\",\"potentialAction\":[{\"@type\":\"SearchAction\",\"target\":{\"@type\":\"EntryPoint\",\"urlTemplate\":\"https:\/\/woodpeacker-home.com\/?s={search_term_string}\"},\"query-input\":{\"@type\":\"PropertyValueSpecification\",\"valueRequired\":true,\"valueName\":\"search_term_string\"}}],\"inLanguage\":\"en-US\"}]}<\/script>\n<!-- \/ Yoast SEO plugin. -->","yoast_head_json":{"title":"HUST - Woodpeacker-home","robots":{"index":"index","follow":"follow","max-snippet":"max-snippet:-1","max-image-preview":"max-image-preview:large","max-video-preview":"max-video-preview:-1"},"canonical":"https:\/\/woodpeacker-home.com\/?page_id=111","og_locale":"en_US","og_type":"article","og_title":"HUST - Woodpeacker-home","og_description":"Wprowadzenie do naszego projektu domu Ten projekt jest kwintesencj\u0105 naszej filozofii: po\u0142\u0105czenia zr\u00f3wnowa\u017conej innowacji z ponadczasowym designem. Od samego pocz\u0105tku naszym celem by\u0142o stworzenie domu, kt\u00f3ry nie tylko spe\u0142nia wsp\u00f3\u0142czesne standardy komfortu i funkcjonalno\u015bci, ale r\u00f3wnie\u017c wyznacza nowe kierunki w ekologicznym budownictwie. Dom zosta\u0142 zaprojektowany z trosk\u0105 zar\u00f3wno o ludzi, jak i o \u015brodowisko. Dzi\u0119ki [&hellip;]","og_url":"https:\/\/woodpeacker-home.com\/?page_id=111","og_site_name":"Woodpeacker-home","article_modified_time":"2025-09-12T09:37:11+00:00","og_image":[{"width":633,"height":640,"url":"https:\/\/woodpeacker-home.com\/wp-content\/uploads\/2025\/09\/1212.webp","type":"image\/webp"}],"twitter_card":"summary_large_image","twitter_misc":{"Est. reading time":"1 minute"},"schema":{"@context":"https:\/\/schema.org","@graph":[{"@type":"WebPage","@id":"https:\/\/woodpeacker-home.com\/?page_id=111","url":"https:\/\/woodpeacker-home.com\/?page_id=111","name":"HUST - Woodpeacker-home","isPartOf":{"@id":"https:\/\/woodpeacker-home.com\/#website"},"primaryImageOfPage":{"@id":"https:\/\/woodpeacker-home.com\/?page_id=111#primaryimage"},"image":{"@id":"https:\/\/woodpeacker-home.com\/?page_id=111#primaryimage"},"thumbnailUrl":"https:\/\/woodpeacker-home.com\/wp-content\/uploads\/2025\/09\/1212.webp","datePublished":"2025-09-11T11:20:09+00:00","dateModified":"2025-09-12T09:37:11+00:00","breadcrumb":{"@id":"https:\/\/woodpeacker-home.com\/?page_id=111#breadcrumb"},"inLanguage":"en-US","potentialAction":[{"@type":"ReadAction","target":["https:\/\/woodpeacker-home.com\/?page_id=111"]}]},{"@type":"ImageObject","inLanguage":"en-US","@id":"https:\/\/woodpeacker-home.com\/?page_id=111#primaryimage","url":"https:\/\/woodpeacker-home.com\/wp-content\/uploads\/2025\/09\/1212.webp","contentUrl":"https:\/\/woodpeacker-home.com\/wp-content\/uploads\/2025\/09\/1212.webp","width":633,"height":640},{"@type":"BreadcrumbList","@id":"https:\/\/woodpeacker-home.com\/?page_id=111#breadcrumb","itemListElement":[{"@type":"ListItem","position":1,"name":"Home","item":"https:\/\/woodpeacker-home.com\/"},{"@type":"ListItem","position":2,"name":"HUST"}]},{"@type":"WebSite","@id":"https:\/\/woodpeacker-home.com\/#website","url":"https:\/\/woodpeacker-home.com\/","name":"Woodpeacker-home","description":"Woodpeacker-home","potentialAction":[{"@type":"SearchAction","target":{"@type":"EntryPoint","urlTemplate":"https:\/\/woodpeacker-home.com\/?s={search_term_string}"},"query-input":{"@type":"PropertyValueSpecification","valueRequired":true,"valueName":"search_term_string"}}],"inLanguage":"en-US"}]}},"rttpg_featured_image_url":null,"rttpg_author":{"display_name":"rem269222","author_link":"https:\/\/woodpeacker-home.com\/?author=1"},"rttpg_comment":0,"rttpg_category":null,"rttpg_excerpt":"Wprowadzenie do naszego projektu domu Ten projekt jest kwintesencj\u0105 naszej filozofii: po\u0142\u0105czenia zr\u00f3wnowa\u017conej innowacji z ponadczasowym designem. Od samego pocz\u0105tku naszym celem by\u0142o stworzenie domu, kt\u00f3ry nie tylko spe\u0142nia wsp\u00f3\u0142czesne standardy komfortu i funkcjonalno\u015bci, ale r\u00f3wnie\u017c wyznacza nowe kierunki w ekologicznym budownictwie. Dom zosta\u0142 zaprojektowany z trosk\u0105 zar\u00f3wno o ludzi, jak i o \u015brodowisko. Dzi\u0119ki&hellip;","_links":{"self":[{"href":"https:\/\/woodpeacker-home.com\/index.php?rest_route=\/wp\/v2\/pages\/111","targetHints":{"allow":["GET"]}}],"collection":[{"href":"https:\/\/woodpeacker-home.com\/index.php?rest_route=\/wp\/v2\/pages"}],"about":[{"href":"https:\/\/woodpeacker-home.com\/index.php?rest_route=\/wp\/v2\/types\/page"}],"author":[{"embeddable":true,"href":"https:\/\/woodpeacker-home.com\/index.php?rest_route=\/wp\/v2\/users\/1"}],"replies":[{"embeddable":true,"href":"https:\/\/woodpeacker-home.com\/index.php?rest_route=%2Fwp%2Fv2%2Fcomments&post=111"}],"version-history":[{"count":17,"href":"https:\/\/woodpeacker-home.com\/index.php?rest_route=\/wp\/v2\/pages\/111\/revisions"}],"predecessor-version":[{"id":237,"href":"https:\/\/woodpeacker-home.com\/index.php?rest_route=\/wp\/v2\/pages\/111\/revisions\/237"}],"wp:attachment":[{"href":"https:\/\/woodpeacker-home.com\/index.php?rest_route=%2Fwp%2Fv2%2Fmedia&parent=111"}],"curies":[{"name":"wp","href":"https:\/\/api.w.org\/{rel}","templated":true}]}}