{"id":130,"date":"2025-09-11T14:21:21","date_gmt":"2025-09-11T12:21:21","guid":{"rendered":"https:\/\/woodpeacker-home.com\/?page_id=130"},"modified":"2025-09-11T14:34:47","modified_gmt":"2025-09-11T12:34:47","slug":"kontakt","status":"publish","type":"page","link":"https:\/\/woodpeacker-home.com\/?page_id=130","title":{"rendered":"kontakt"},"content":{"rendered":"\t\t<div data-elementor-type=\"wp-page\" data-elementor-id=\"130\" class=\"elementor elementor-130\">\n\t\t\t\t<div class=\"elementor-element elementor-element-d8debbc e-flex e-con-boxed e-con e-parent\" data-id=\"d8debbc\" data-element_type=\"container\">\n\t\t\t\t\t<div class=\"e-con-inner\">\n\t\t\t\t<div class=\"elementor-element elementor-element-8719cd8 elementor-widget elementor-widget-google_maps\" data-id=\"8719cd8\" data-element_type=\"widget\" data-widget_type=\"google_maps.default\">\n\t\t\t\t\t\t\t<div class=\"elementor-custom-embed\">\n\t\t\t<iframe loading=\"lazy\"\n\t\t\t\t\tsrc=\"https:\/\/maps.google.com\/maps?q=Zawodzie%20134%2C%2032-052%20Radzisz%C3%B3w&#038;t=m&#038;z=9&#038;output=embed&#038;iwloc=near\"\n\t\t\t\t\ttitle=\"Zawodzie 134, 32-052 Radzisz\u00f3w\"\n\t\t\t\t\taria-label=\"Zawodzie 134, 32-052 Radzisz\u00f3w\"\n\t\t\t><\/iframe>\n\t\t<\/div>\n\t\t\t\t\t\t<\/div>\n\t\t\t\t\t<\/div>\n\t\t\t\t<\/div>\n\t\t<div class=\"elementor-element elementor-element-be051f6 e-flex e-con-boxed e-con e-parent\" data-id=\"be051f6\" data-element_type=\"container\">\n\t\t\t\t\t<div class=\"e-con-inner\">\n\t\t\t\t<div class=\"elementor-element elementor-element-379394b elementor-shape-rounded elementor-grid-0 e-grid-align-center elementor-widget elementor-widget-social-icons\" data-id=\"379394b\" data-element_type=\"widget\" data-widget_type=\"social-icons.default\">\n\t\t\t\t\t\t\t<div class=\"elementor-social-icons-wrapper elementor-grid\" role=\"list\">\n\t\t\t\t\t\t\t<span class=\"elementor-grid-item\" role=\"listitem\">\n\t\t\t\t\t<a class=\"elementor-icon elementor-social-icon elementor-social-icon-facebook elementor-repeater-item-9cf9922\" target=\"_blank\">\n\t\t\t\t\t\t<span class=\"elementor-screen-only\">Facebook<\/span>\n\t\t\t\t\t\t<svg class=\"e-font-icon-svg e-fab-facebook\" viewBox=\"0 0 512 512\" xmlns=\"http:\/\/www.w3.org\/2000\/svg\"><path d=\"M504 256C504 119 393 8 256 8S8 119 8 256c0 123.78 90.69 226.38 209.25 245V327.69h-63V256h63v-54.64c0-62.15 37-96.48 93.67-96.48 27.14 0 55.52 4.84 55.52 4.84v61h-31.28c-30.8 0-40.41 19.12-40.41 38.73V256h68.78l-11 71.69h-57.78V501C413.31 482.38 504 379.78 504 256z\"><\/path><\/svg>\t\t\t\t\t<\/a>\n\t\t\t\t<\/span>\n\t\t\t\t\t\t\t<span class=\"elementor-grid-item\" role=\"listitem\">\n\t\t\t\t\t<a class=\"elementor-icon elementor-social-icon elementor-social-icon-twitter elementor-repeater-item-2aa7bb0\" target=\"_blank\">\n\t\t\t\t\t\t<span class=\"elementor-screen-only\">Twitter<\/span>\n\t\t\t\t\t\t<svg class=\"e-font-icon-svg e-fab-twitter\" viewBox=\"0 0 512 512\" xmlns=\"http:\/\/www.w3.org\/2000\/svg\"><path d=\"M459.37 151.716c.325 4.548.325 9.097.325 13.645 0 138.72-105.583 298.558-298.558 298.558-59.452 0-114.68-17.219-161.137-47.106 8.447.974 16.568 1.299 25.34 1.299 49.055 0 94.213-16.568 130.274-44.832-46.132-.975-84.792-31.188-98.112-72.772 6.498.974 12.995 1.624 19.818 1.624 9.421 0 18.843-1.3 27.614-3.573-48.081-9.747-84.143-51.98-84.143-102.985v-1.299c13.969 7.797 30.214 12.67 47.431 13.319-28.264-18.843-46.781-51.005-46.781-87.391 0-19.492 5.197-37.36 14.294-52.954 51.655 63.675 129.3 105.258 216.365 109.807-1.624-7.797-2.599-15.918-2.599-24.04 0-57.828 46.782-104.934 104.934-104.934 30.213 0 57.502 12.67 76.67 33.137 23.715-4.548 46.456-13.32 66.599-25.34-7.798 24.366-24.366 44.833-46.132 57.827 21.117-2.273 41.584-8.122 60.426-16.243-14.292 20.791-32.161 39.308-52.628 54.253z\"><\/path><\/svg>\t\t\t\t\t<\/a>\n\t\t\t\t<\/span>\n\t\t\t\t\t\t\t<span class=\"elementor-grid-item\" role=\"listitem\">\n\t\t\t\t\t<a class=\"elementor-icon elementor-social-icon elementor-social-icon-youtube elementor-repeater-item-01ba736\" target=\"_blank\">\n\t\t\t\t\t\t<span class=\"elementor-screen-only\">Youtube<\/span>\n\t\t\t\t\t\t<svg class=\"e-font-icon-svg e-fab-youtube\" viewBox=\"0 0 576 512\" xmlns=\"http:\/\/www.w3.org\/2000\/svg\"><path d=\"M549.655 124.083c-6.281-23.65-24.787-42.276-48.284-48.597C458.781 64 288 64 288 64S117.22 64 74.629 75.486c-23.497 6.322-42.003 24.947-48.284 48.597-11.412 42.867-11.412 132.305-11.412 132.305s0 89.438 11.412 132.305c6.281 23.65 24.787 41.5 48.284 47.821C117.22 448 288 448 288 448s170.78 0 213.371-11.486c23.497-6.321 42.003-24.171 48.284-47.821 11.412-42.867 11.412-132.305 11.412-132.305s0-89.438-11.412-132.305zm-317.51 213.508V175.185l142.739 81.205-142.739 81.201z\"><\/path><\/svg>\t\t\t\t\t<\/a>\n\t\t\t\t<\/span>\n\t\t\t\t\t<\/div>\n\t\t\t\t\t\t<\/div>\n\t\t\t\t\t<\/div>\n\t\t\t\t<\/div>\n\t\t<div class=\"elementor-element elementor-element-1871cc7 e-flex e-con-boxed e-con e-parent\" data-id=\"1871cc7\" data-element_type=\"container\">\n\t\t\t\t\t<div class=\"e-con-inner\">\n\t\t\t\t<div class=\"elementor-element elementor-element-d2b3422 elementor-position-top elementor-widget elementor-widget-image-box\" data-id=\"d2b3422\" data-element_type=\"widget\" data-settings=\"{&quot;_animation&quot;:&quot;none&quot;}\" data-widget_type=\"image-box.default\">\n\t\t\t\t\t<div class=\"elementor-image-box-wrapper\"><figure class=\"elementor-image-box-img\"><img fetchpriority=\"high\" decoding=\"async\" width=\"1024\" height=\"1024\" src=\"https:\/\/woodpeacker-home.com\/wp-content\/uploads\/2025\/09\/Woodpeaker000-1.webp\" class=\"attachment-full size-full wp-image-78\" alt=\"\" srcset=\"https:\/\/woodpeacker-home.com\/wp-content\/uploads\/2025\/09\/Woodpeaker000-1.webp 1024w, https:\/\/woodpeacker-home.com\/wp-content\/uploads\/2025\/09\/Woodpeaker000-1-300x300.webp 300w, https:\/\/woodpeacker-home.com\/wp-content\/uploads\/2025\/09\/Woodpeaker000-1-150x150.webp 150w, https:\/\/woodpeacker-home.com\/wp-content\/uploads\/2025\/09\/Woodpeaker000-1-768x768.webp 768w\" sizes=\"(max-width: 1024px) 100vw, 1024px\" \/><\/figure><div class=\"elementor-image-box-content\"><h3 class=\"elementor-image-box-title\">Masz pytania dotycz\u0105ce naszych projekt\u00f3w lub chcesz porozmawia\u0107 o w\u0142asnym domu?<\/h3><p class=\"elementor-image-box-description\">Skontaktuj si\u0119 z nami  ch\u0119tnie odpowiemy, doradzimy i wsp\u00f3lnie znajdziemy najlepsze rozwi\u0105zanie.\n\n\ud83d\udc49 Napisz do nas: info@woodpeacker-home.com\n\ud83d\udc49 Zadzwo\u0144: +48 122-74-0350<\/p><\/div><\/div>\t\t\t\t<\/div>\n\t\t\t\t\t<\/div>\n\t\t\t\t<\/div>\n\t\t\t\t<\/div>\n\t\t","protected":false},"excerpt":{"rendered":"<p>Facebook Twitter Youtube Masz pytania dotycz\u0105ce naszych projekt\u00f3w lub chcesz porozmawia\u0107 o w\u0142asnym domu? Skontaktuj si\u0119 z nami ch\u0119tnie odpowiemy, doradzimy i wsp\u00f3lnie znajdziemy najlepsze rozwi\u0105zanie. \ud83d\udc49 Napisz do nas: info@woodpeacker-home.com \ud83d\udc49 Zadzwo\u0144: +48 122-74-0350<\/p>\n","protected":false},"author":1,"featured_media":0,"parent":0,"menu_order":0,"comment_status":"closed","ping_status":"closed","template":"","meta":{"footnotes":""},"class_list":["post-130","page","type-page","status-publish","hentry"],"yoast_head":"<!-- This site is optimized with the Yoast SEO plugin v25.9 - https:\/\/yoast.com\/wordpress\/plugins\/seo\/ -->\n<title>kontakt - Woodpeacker-home<\/title>\n<meta name=\"robots\" content=\"index, follow, max-snippet:-1, max-image-preview:large, max-video-preview:-1\" \/>\n<link rel=\"canonical\" href=\"https:\/\/woodpeacker-home.com\/?page_id=130\" \/>\n<meta property=\"og:locale\" content=\"en_US\" \/>\n<meta property=\"og:type\" content=\"article\" \/>\n<meta property=\"og:title\" content=\"kontakt - Woodpeacker-home\" \/>\n<meta property=\"og:description\" content=\"Facebook Twitter Youtube Masz pytania dotycz\u0105ce naszych projekt\u00f3w lub chcesz porozmawia\u0107 o w\u0142asnym domu? Skontaktuj si\u0119 z nami ch\u0119tnie odpowiemy, doradzimy i wsp\u00f3lnie znajdziemy najlepsze rozwi\u0105zanie. \ud83d\udc49 Napisz do nas: info@woodpeacker-home.com \ud83d\udc49 Zadzwo\u0144: +48 122-74-0350\" \/>\n<meta property=\"og:url\" content=\"https:\/\/woodpeacker-home.com\/?page_id=130\" \/>\n<meta property=\"og:site_name\" content=\"Woodpeacker-home\" \/>\n<meta property=\"article:modified_time\" content=\"2025-09-11T12:34:47+00:00\" \/>\n<meta property=\"og:image\" content=\"https:\/\/woodpeacker-home.com\/wp-content\/uploads\/2025\/09\/Woodpeaker000-1.webp\" \/>\n\t<meta property=\"og:image:width\" content=\"1024\" \/>\n\t<meta property=\"og:image:height\" content=\"1024\" \/>\n\t<meta property=\"og:image:type\" content=\"image\/webp\" \/>\n<meta name=\"twitter:card\" content=\"summary_large_image\" \/>\n<meta name=\"twitter:label1\" content=\"Est. reading time\" \/>\n\t<meta name=\"twitter:data1\" content=\"1 minute\" \/>\n<script type=\"application\/ld+json\" class=\"yoast-schema-graph\">{\"@context\":\"https:\/\/schema.org\",\"@graph\":[{\"@type\":\"WebPage\",\"@id\":\"https:\/\/woodpeacker-home.com\/?page_id=130\",\"url\":\"https:\/\/woodpeacker-home.com\/?page_id=130\",\"name\":\"kontakt - Woodpeacker-home\",\"isPartOf\":{\"@id\":\"https:\/\/woodpeacker-home.com\/#website\"},\"primaryImageOfPage\":{\"@id\":\"https:\/\/woodpeacker-home.com\/?page_id=130#primaryimage\"},\"image\":{\"@id\":\"https:\/\/woodpeacker-home.com\/?page_id=130#primaryimage\"},\"thumbnailUrl\":\"https:\/\/woodpeacker-home.com\/wp-content\/uploads\/2025\/09\/Woodpeaker000-1.webp\",\"datePublished\":\"2025-09-11T12:21:21+00:00\",\"dateModified\":\"2025-09-11T12:34:47+00:00\",\"breadcrumb\":{\"@id\":\"https:\/\/woodpeacker-home.com\/?page_id=130#breadcrumb\"},\"inLanguage\":\"en-US\",\"potentialAction\":[{\"@type\":\"ReadAction\",\"target\":[\"https:\/\/woodpeacker-home.com\/?page_id=130\"]}]},{\"@type\":\"ImageObject\",\"inLanguage\":\"en-US\",\"@id\":\"https:\/\/woodpeacker-home.com\/?page_id=130#primaryimage\",\"url\":\"https:\/\/woodpeacker-home.com\/wp-content\/uploads\/2025\/09\/Woodpeaker000-1.webp\",\"contentUrl\":\"https:\/\/woodpeacker-home.com\/wp-content\/uploads\/2025\/09\/Woodpeaker000-1.webp\",\"width\":1024,\"height\":1024},{\"@type\":\"BreadcrumbList\",\"@id\":\"https:\/\/woodpeacker-home.com\/?page_id=130#breadcrumb\",\"itemListElement\":[{\"@type\":\"ListItem\",\"position\":1,\"name\":\"Home\",\"item\":\"https:\/\/woodpeacker-home.com\/\"},{\"@type\":\"ListItem\",\"position\":2,\"name\":\"kontakt\"}]},{\"@type\":\"WebSite\",\"@id\":\"https:\/\/woodpeacker-home.com\/#website\",\"url\":\"https:\/\/woodpeacker-home.com\/\",\"name\":\"Woodpeacker-home\",\"description\":\"Woodpeacker-home\",\"potentialAction\":[{\"@type\":\"SearchAction\",\"target\":{\"@type\":\"EntryPoint\",\"urlTemplate\":\"https:\/\/woodpeacker-home.com\/?s={search_term_string}\"},\"query-input\":{\"@type\":\"PropertyValueSpecification\",\"valueRequired\":true,\"valueName\":\"search_term_string\"}}],\"inLanguage\":\"en-US\"}]}<\/script>\n<!-- \/ Yoast SEO plugin. -->","yoast_head_json":{"title":"kontakt - Woodpeacker-home","robots":{"index":"index","follow":"follow","max-snippet":"max-snippet:-1","max-image-preview":"max-image-preview:large","max-video-preview":"max-video-preview:-1"},"canonical":"https:\/\/woodpeacker-home.com\/?page_id=130","og_locale":"en_US","og_type":"article","og_title":"kontakt - Woodpeacker-home","og_description":"Facebook Twitter Youtube Masz pytania dotycz\u0105ce naszych projekt\u00f3w lub chcesz porozmawia\u0107 o w\u0142asnym domu? Skontaktuj si\u0119 z nami ch\u0119tnie odpowiemy, doradzimy i wsp\u00f3lnie znajdziemy najlepsze rozwi\u0105zanie. \ud83d\udc49 Napisz do nas: info@woodpeacker-home.com \ud83d\udc49 Zadzwo\u0144: +48 122-74-0350","og_url":"https:\/\/woodpeacker-home.com\/?page_id=130","og_site_name":"Woodpeacker-home","article_modified_time":"2025-09-11T12:34:47+00:00","og_image":[{"width":1024,"height":1024,"url":"https:\/\/woodpeacker-home.com\/wp-content\/uploads\/2025\/09\/Woodpeaker000-1.webp","type":"image\/webp"}],"twitter_card":"summary_large_image","twitter_misc":{"Est. reading time":"1 minute"},"schema":{"@context":"https:\/\/schema.org","@graph":[{"@type":"WebPage","@id":"https:\/\/woodpeacker-home.com\/?page_id=130","url":"https:\/\/woodpeacker-home.com\/?page_id=130","name":"kontakt - Woodpeacker-home","isPartOf":{"@id":"https:\/\/woodpeacker-home.com\/#website"},"primaryImageOfPage":{"@id":"https:\/\/woodpeacker-home.com\/?page_id=130#primaryimage"},"image":{"@id":"https:\/\/woodpeacker-home.com\/?page_id=130#primaryimage"},"thumbnailUrl":"https:\/\/woodpeacker-home.com\/wp-content\/uploads\/2025\/09\/Woodpeaker000-1.webp","datePublished":"2025-09-11T12:21:21+00:00","dateModified":"2025-09-11T12:34:47+00:00","breadcrumb":{"@id":"https:\/\/woodpeacker-home.com\/?page_id=130#breadcrumb"},"inLanguage":"en-US","potentialAction":[{"@type":"ReadAction","target":["https:\/\/woodpeacker-home.com\/?page_id=130"]}]},{"@type":"ImageObject","inLanguage":"en-US","@id":"https:\/\/woodpeacker-home.com\/?page_id=130#primaryimage","url":"https:\/\/woodpeacker-home.com\/wp-content\/uploads\/2025\/09\/Woodpeaker000-1.webp","contentUrl":"https:\/\/woodpeacker-home.com\/wp-content\/uploads\/2025\/09\/Woodpeaker000-1.webp","width":1024,"height":1024},{"@type":"BreadcrumbList","@id":"https:\/\/woodpeacker-home.com\/?page_id=130#breadcrumb","itemListElement":[{"@type":"ListItem","position":1,"name":"Home","item":"https:\/\/woodpeacker-home.com\/"},{"@type":"ListItem","position":2,"name":"kontakt"}]},{"@type":"WebSite","@id":"https:\/\/woodpeacker-home.com\/#website","url":"https:\/\/woodpeacker-home.com\/","name":"Woodpeacker-home","description":"Woodpeacker-home","potentialAction":[{"@type":"SearchAction","target":{"@type":"EntryPoint","urlTemplate":"https:\/\/woodpeacker-home.com\/?s={search_term_string}"},"query-input":{"@type":"PropertyValueSpecification","valueRequired":true,"valueName":"search_term_string"}}],"inLanguage":"en-US"}]}},"rttpg_featured_image_url":null,"rttpg_author":{"display_name":"rem269222","author_link":"https:\/\/woodpeacker-home.com\/?author=1"},"rttpg_comment":0,"rttpg_category":null,"rttpg_excerpt":"Facebook Twitter Youtube Masz pytania dotycz\u0105ce naszych projekt\u00f3w lub chcesz porozmawia\u0107 o w\u0142asnym domu? Skontaktuj si\u0119 z nami ch\u0119tnie odpowiemy, doradzimy i wsp\u00f3lnie znajdziemy najlepsze rozwi\u0105zanie. \ud83d\udc49 Napisz do nas: info@woodpeacker-home.com \ud83d\udc49 Zadzwo\u0144: +48 122-74-0350","_links":{"self":[{"href":"https:\/\/woodpeacker-home.com\/index.php?rest_route=\/wp\/v2\/pages\/130","targetHints":{"allow":["GET"]}}],"collection":[{"href":"https:\/\/woodpeacker-home.com\/index.php?rest_route=\/wp\/v2\/pages"}],"about":[{"href":"https:\/\/woodpeacker-home.com\/index.php?rest_route=\/wp\/v2\/types\/page"}],"author":[{"embeddable":true,"href":"https:\/\/woodpeacker-home.com\/index.php?rest_route=\/wp\/v2\/users\/1"}],"replies":[{"embeddable":true,"href":"https:\/\/woodpeacker-home.com\/index.php?rest_route=%2Fwp%2Fv2%2Fcomments&post=130"}],"version-history":[{"count":11,"href":"https:\/\/woodpeacker-home.com\/index.php?rest_route=\/wp\/v2\/pages\/130\/revisions"}],"predecessor-version":[{"id":141,"href":"https:\/\/woodpeacker-home.com\/index.php?rest_route=\/wp\/v2\/pages\/130\/revisions\/141"}],"wp:attachment":[{"href":"https:\/\/woodpeacker-home.com\/index.php?rest_route=%2Fwp%2Fv2%2Fmedia&parent=130"}],"curies":[{"name":"wp","href":"https:\/\/api.w.org\/{rel}","templated":true}]}}