{"id":164,"date":"2025-09-11T20:30:48","date_gmt":"2025-09-11T18:30:48","guid":{"rendered":"https:\/\/woodpeacker-home.com\/?page_id=164"},"modified":"2025-09-12T11:33:07","modified_gmt":"2025-09-12T09:33:07","slug":"canvas","status":"publish","type":"page","link":"https:\/\/woodpeacker-home.com\/?page_id=164","title":{"rendered":"Canvas"},"content":{"rendered":"\t\t<div data-elementor-type=\"wp-page\" data-elementor-id=\"164\" class=\"elementor elementor-164\">\n\t\t\t\t<div class=\"elementor-element elementor-element-bba2fc6 e-flex e-con-boxed e-con e-parent\" data-id=\"bba2fc6\" data-element_type=\"container\">\n\t\t\t\t\t<div class=\"e-con-inner\">\n\t\t\t\t<div class=\"elementor-element elementor-element-06e22a6 elementor-widget elementor-widget-heading\" data-id=\"06e22a6\" data-element_type=\"widget\" data-widget_type=\"heading.default\">\n\t\t\t\t\t<h3 class=\"elementor-heading-title elementor-size-default\">Wprowadzenie do naszego projektu domu\n<div><br><\/div><\/h3>\t\t\t\t<\/div>\n\t\t\t\t\t<\/div>\n\t\t\t\t<\/div>\n\t\t<div class=\"elementor-element elementor-element-89bbba9 e-con-full e-flex e-con e-parent\" data-id=\"89bbba9\" data-element_type=\"container\">\n\t\t\t\t<div class=\"elementor-element elementor-element-cd0b7b2 elementor-widget elementor-widget-heading\" data-id=\"cd0b7b2\" data-element_type=\"widget\" data-widget_type=\"heading.default\">\n\t\t\t\t\t<h2 class=\"elementor-heading-title elementor-size-default\"><h3 data-start=\"104\" data-end=\"147\" style=\"font-family: Oswald, sans-serif;font-size: 36px\"><span style=\"font-size: 18px;font-family: Roboto, sans-serif;font-weight: 400\">Ten projekt jest kwintesencj\u0105 naszej filozofii: po\u0142\u0105czenia zr\u00f3wnowa\u017conej innowacji z ponadczasowym designem. Od samego pocz\u0105tku naszym celem by\u0142o stworzenie domu, kt\u00f3ry nie tylko spe\u0142nia wsp\u00f3\u0142czesne standardy komfortu i funkcjonalno\u015bci, ale r\u00f3wnie\u017c wyznacza nowe kierunki w ekologicznym budownictwie.<\/span><\/h3><p data-start=\"453\" data-end=\"867\" style=\"font-size: 18px;font-weight: 400\">Dom zosta\u0142 zaprojektowany z trosk\u0105 zar\u00f3wno o ludzi, jak i o \u015brodowisko. Dzi\u0119ki wykorzystaniu materia\u0142\u00f3w z odzysku i surowc\u00f3w odnawialnych, w po\u0142\u0105czeniu z nowoczesn\u0105 technologi\u0105 prefabrykacji, uda\u0142o nam si\u0119 zminimalizowa\u0107 \u015blad w\u0119glowy bez kompromis\u00f3w w jako\u015bci. Ka\u017cdy detal \u015bwiadczy o rzemio\u015ble&nbsp; od czystych linii architektonicznych po ciep\u0142e, naturalne wyko\u0144czenia, kt\u00f3re nadaj\u0105 przestrzeni wyj\u0105tkowy charakter.<\/p><p style=\"font-size: 18px;font-weight: 400\"><\/p><p data-start=\"869\" data-end=\"1132\" style=\"font-size: 18px;font-weight: 400\">To, co naprawd\u0119 wyr\u00f3\u017cnia ten projekt, to r\u00f3wnowaga:&nbsp;<strong data-start=\"921\" data-end=\"1038\">dom praktyczny, a zarazem elegancki; trwa\u0142y, a jednocze\u015bnie lekki; nowoczesny, a jednocze\u015bnie bliski cz\u0142owiekowi.<\/strong>&nbsp;To co\u015b wi\u0119cej ni\u017c budynek&nbsp; to przestrze\u0144 do \u017cycia, kt\u00f3ra inspiruje, dopasowuje si\u0119 i trwa.<\/p><\/h2>\t\t\t\t<\/div>\n\t\t\t\t<\/div>\n\t\t<div class=\"elementor-element elementor-element-6faf288 e-flex e-con-boxed e-con e-parent\" data-id=\"6faf288\" data-element_type=\"container\">\n\t\t\t\t\t<div class=\"e-con-inner\">\n\t\t\t\t<div class=\"elementor-element elementor-element-f882e9a elementor-widget elementor-widget-image\" data-id=\"f882e9a\" data-element_type=\"widget\" data-widget_type=\"image.default\">\n\t\t\t\t\t\t\t\t\t\t\t\t\t\t\t<img fetchpriority=\"high\" decoding=\"async\" width=\"705\" height=\"732\" src=\"https:\/\/woodpeacker-home.com\/wp-content\/uploads\/2025\/09\/Canvas1.webp\" class=\"attachment-large size-large wp-image-165\" alt=\"\" srcset=\"https:\/\/woodpeacker-home.com\/wp-content\/uploads\/2025\/09\/Canvas1.webp 705w, https:\/\/woodpeacker-home.com\/wp-content\/uploads\/2025\/09\/Canvas1-289x300.webp 289w\" sizes=\"(max-width: 705px) 100vw, 705px\" \/>\t\t\t\t\t\t\t\t\t\t\t\t\t\t\t<\/div>\n\t\t\t\t\t<\/div>\n\t\t\t\t<\/div>\n\t\t<div class=\"elementor-element elementor-element-ff93ae9 e-flex e-con-boxed e-con e-parent\" data-id=\"ff93ae9\" data-element_type=\"container\">\n\t\t\t\t\t<div class=\"e-con-inner\">\n\t\t\t\t<div class=\"elementor-element elementor-element-3d03cfd elementor-widget elementor-widget-image\" data-id=\"3d03cfd\" data-element_type=\"widget\" data-widget_type=\"image.default\">\n\t\t\t\t\t\t\t\t\t\t\t\t\t\t\t<img decoding=\"async\" width=\"722\" height=\"590\" src=\"https:\/\/woodpeacker-home.com\/wp-content\/uploads\/2025\/09\/mmskkdm.webp\" class=\"attachment-large size-large wp-image-166\" alt=\"\" srcset=\"https:\/\/woodpeacker-home.com\/wp-content\/uploads\/2025\/09\/mmskkdm.webp 722w, https:\/\/woodpeacker-home.com\/wp-content\/uploads\/2025\/09\/mmskkdm-300x245.webp 300w\" sizes=\"(max-width: 722px) 100vw, 722px\" \/>\t\t\t\t\t\t\t\t\t\t\t\t\t\t\t<\/div>\n\t\t\t\t\t<\/div>\n\t\t\t\t<\/div>\n\t\t<div class=\"elementor-element elementor-element-47dd1f5 e-flex e-con-boxed e-con e-parent\" data-id=\"47dd1f5\" data-element_type=\"container\">\n\t\t\t\t\t<div class=\"e-con-inner\">\n\t\t\t\t<div class=\"elementor-element elementor-element-58008b8 elementor-widget elementor-widget-image\" data-id=\"58008b8\" data-element_type=\"widget\" data-widget_type=\"image.default\">\n\t\t\t\t\t\t\t\t\t\t\t\t\t\t\t<img decoding=\"async\" width=\"713\" height=\"871\" src=\"https:\/\/woodpeacker-home.com\/wp-content\/uploads\/2025\/09\/mmaaaaa.webp\" class=\"attachment-large size-large wp-image-167\" alt=\"\" srcset=\"https:\/\/woodpeacker-home.com\/wp-content\/uploads\/2025\/09\/mmaaaaa.webp 713w, https:\/\/woodpeacker-home.com\/wp-content\/uploads\/2025\/09\/mmaaaaa-246x300.webp 246w\" sizes=\"(max-width: 713px) 100vw, 713px\" \/>\t\t\t\t\t\t\t\t\t\t\t\t\t\t\t<\/div>\n\t\t\t\t\t<\/div>\n\t\t\t\t<\/div>\n\t\t<div class=\"elementor-element elementor-element-5aebc63 e-flex e-con-boxed e-con e-parent\" data-id=\"5aebc63\" data-element_type=\"container\">\n\t\t\t\t\t<div class=\"e-con-inner\">\n\t\t\t\t<div class=\"elementor-element elementor-element-c34a982 elementor-widget elementor-widget-image\" data-id=\"c34a982\" data-element_type=\"widget\" data-widget_type=\"image.default\">\n\t\t\t\t\t\t\t\t\t\t\t\t\t\t\t<img loading=\"lazy\" decoding=\"async\" width=\"718\" height=\"558\" src=\"https:\/\/woodpeacker-home.com\/wp-content\/uploads\/2025\/09\/mallll.webp\" class=\"attachment-large size-large wp-image-168\" alt=\"\" srcset=\"https:\/\/woodpeacker-home.com\/wp-content\/uploads\/2025\/09\/mallll.webp 718w, https:\/\/woodpeacker-home.com\/wp-content\/uploads\/2025\/09\/mallll-300x233.webp 300w\" sizes=\"(max-width: 718px) 100vw, 718px\" \/>\t\t\t\t\t\t\t\t\t\t\t\t\t\t\t<\/div>\n\t\t\t\t\t<\/div>\n\t\t\t\t<\/div>\n\t\t<div class=\"elementor-element elementor-element-569875c e-flex e-con-boxed e-con e-parent\" data-id=\"569875c\" data-element_type=\"container\">\n\t\t\t\t\t<div class=\"e-con-inner\">\n\t\t\t\t<div class=\"elementor-element elementor-element-71a43f5 elementor-widget elementor-widget-image\" data-id=\"71a43f5\" data-element_type=\"widget\" data-widget_type=\"image.default\">\n\t\t\t\t\t\t\t\t\t\t\t\t\t\t\t<img loading=\"lazy\" decoding=\"async\" width=\"716\" height=\"897\" src=\"https:\/\/woodpeacker-home.com\/wp-content\/uploads\/2025\/09\/mssss.webp\" class=\"attachment-large size-large wp-image-169\" alt=\"\" srcset=\"https:\/\/woodpeacker-home.com\/wp-content\/uploads\/2025\/09\/mssss.webp 716w, https:\/\/woodpeacker-home.com\/wp-content\/uploads\/2025\/09\/mssss-239x300.webp 239w\" sizes=\"(max-width: 716px) 100vw, 716px\" \/>\t\t\t\t\t\t\t\t\t\t\t\t\t\t\t<\/div>\n\t\t\t\t\t<\/div>\n\t\t\t\t<\/div>\n\t\t<div class=\"elementor-element elementor-element-2c32b6d e-flex e-con-boxed e-con e-parent\" data-id=\"2c32b6d\" data-element_type=\"container\">\n\t\t\t\t\t<div class=\"e-con-inner\">\n\t\t\t\t<div class=\"elementor-element elementor-element-84116fc elementor-widget elementor-widget-image\" data-id=\"84116fc\" data-element_type=\"widget\" data-widget_type=\"image.default\">\n\t\t\t\t\t\t\t\t\t\t\t\t\t\t\t<img loading=\"lazy\" decoding=\"async\" width=\"620\" height=\"927\" src=\"https:\/\/woodpeacker-home.com\/wp-content\/uploads\/2025\/09\/232363.webp\" class=\"attachment-large size-large wp-image-118\" alt=\"\" srcset=\"https:\/\/woodpeacker-home.com\/wp-content\/uploads\/2025\/09\/232363.webp 620w, https:\/\/woodpeacker-home.com\/wp-content\/uploads\/2025\/09\/232363-201x300.webp 201w\" sizes=\"(max-width: 620px) 100vw, 620px\" \/>\t\t\t\t\t\t\t\t\t\t\t\t\t\t\t<\/div>\n\t\t\t\t\t<\/div>\n\t\t\t\t<\/div>\n\t\t<div class=\"elementor-element elementor-element-9d5766d e-flex e-con-boxed e-con e-parent\" data-id=\"9d5766d\" data-element_type=\"container\">\n\t\t\t\t\t<div class=\"e-con-inner\">\n\t\t\t\t<div class=\"elementor-element elementor-element-e9be7c1 elementor-widget elementor-widget-image\" data-id=\"e9be7c1\" data-element_type=\"widget\" data-widget_type=\"image.default\">\n\t\t\t\t\t\t\t\t\t\t\t\t\t\t\t<img loading=\"lazy\" decoding=\"async\" width=\"717\" height=\"867\" src=\"https:\/\/woodpeacker-home.com\/wp-content\/uploads\/2025\/09\/aammmaa.webp\" class=\"attachment-large size-large wp-image-170\" alt=\"\" srcset=\"https:\/\/woodpeacker-home.com\/wp-content\/uploads\/2025\/09\/aammmaa.webp 717w, https:\/\/woodpeacker-home.com\/wp-content\/uploads\/2025\/09\/aammmaa-248x300.webp 248w\" sizes=\"(max-width: 717px) 100vw, 717px\" \/>\t\t\t\t\t\t\t\t\t\t\t\t\t\t\t<\/div>\n\t\t\t\t\t<\/div>\n\t\t\t\t<\/div>\n\t\t<div class=\"elementor-element elementor-element-f71ab5d e-flex e-con-boxed e-con e-parent\" data-id=\"f71ab5d\" data-element_type=\"container\">\n\t\t\t\t\t<div class=\"e-con-inner\">\n\t\t\t\t<div class=\"elementor-element elementor-element-3efc2d0 elementor-widget elementor-widget-image\" data-id=\"3efc2d0\" data-element_type=\"widget\" data-widget_type=\"image.default\">\n\t\t\t\t\t\t\t\t\t\t\t\t\t\t\t<img loading=\"lazy\" decoding=\"async\" width=\"713\" height=\"722\" src=\"https:\/\/woodpeacker-home.com\/wp-content\/uploads\/2025\/09\/ppaapap.webp\" class=\"attachment-large size-large wp-image-171\" alt=\"\" srcset=\"https:\/\/woodpeacker-home.com\/wp-content\/uploads\/2025\/09\/ppaapap.webp 713w, https:\/\/woodpeacker-home.com\/wp-content\/uploads\/2025\/09\/ppaapap-296x300.webp 296w\" sizes=\"(max-width: 713px) 100vw, 713px\" \/>\t\t\t\t\t\t\t\t\t\t\t\t\t\t\t<\/div>\n\t\t\t\t\t<\/div>\n\t\t\t\t<\/div>\n\t\t<div class=\"elementor-element elementor-element-6734f5c e-flex e-con-boxed e-con e-parent\" data-id=\"6734f5c\" data-element_type=\"container\">\n\t\t\t\t\t<div class=\"e-con-inner\">\n\t\t\t\t<div class=\"elementor-element elementor-element-bdc2697 elementor-widget elementor-widget-image\" data-id=\"bdc2697\" data-element_type=\"widget\" data-widget_type=\"image.default\">\n\t\t\t\t\t\t\t\t\t\t\t\t\t\t\t<img loading=\"lazy\" decoding=\"async\" width=\"717\" height=\"351\" src=\"https:\/\/woodpeacker-home.com\/wp-content\/uploads\/2025\/09\/rrrrrrr.webp\" class=\"attachment-large size-large wp-image-172\" alt=\"\" srcset=\"https:\/\/woodpeacker-home.com\/wp-content\/uploads\/2025\/09\/rrrrrrr.webp 717w, https:\/\/woodpeacker-home.com\/wp-content\/uploads\/2025\/09\/rrrrrrr-300x147.webp 300w\" sizes=\"(max-width: 717px) 100vw, 717px\" \/>\t\t\t\t\t\t\t\t\t\t\t\t\t\t\t<\/div>\n\t\t\t\t\t<\/div>\n\t\t\t\t<\/div>\n\t\t<div class=\"elementor-element elementor-element-b0d3efc e-flex e-con-boxed e-con e-parent\" data-id=\"b0d3efc\" data-element_type=\"container\">\n\t\t\t\t\t<div class=\"e-con-inner\">\n\t\t\t\t<div class=\"elementor-element elementor-element-faef45c elementor-widget elementor-widget-button\" data-id=\"faef45c\" data-element_type=\"widget\" data-widget_type=\"button.default\">\n\t\t\t\t\t\t\t\t\t\t<a class=\"elementor-button elementor-button-link elementor-size-sm\" href=\"https:\/\/woodpeacker-home.com\/?page_id=130#\">\n\t\t\t\t\t\t<span class=\"elementor-button-content-wrapper\">\n\t\t\t\t\t\t\t\t\t<span class=\"elementor-button-text\">skontaktuj si\u0119<\/span>\n\t\t\t\t\t<\/span>\n\t\t\t\t\t<\/a>\n\t\t\t\t\t\t\t\t<\/div>\n\t\t\t\t\t<\/div>\n\t\t\t\t<\/div>\n\t\t\t\t<\/div>\n\t\t","protected":false},"excerpt":{"rendered":"<p>Wprowadzenie do naszego projektu domu Ten projekt jest kwintesencj\u0105 naszej filozofii: po\u0142\u0105czenia zr\u00f3wnowa\u017conej innowacji z ponadczasowym designem. Od samego pocz\u0105tku naszym celem by\u0142o stworzenie domu, kt\u00f3ry nie tylko spe\u0142nia wsp\u00f3\u0142czesne standardy komfortu i funkcjonalno\u015bci, ale r\u00f3wnie\u017c wyznacza nowe kierunki w ekologicznym budownictwie. Dom zosta\u0142 zaprojektowany z trosk\u0105 zar\u00f3wno o ludzi, jak i o \u015brodowisko. Dzi\u0119ki [&hellip;]<\/p>\n","protected":false},"author":1,"featured_media":0,"parent":0,"menu_order":0,"comment_status":"closed","ping_status":"closed","template":"","meta":{"footnotes":""},"class_list":["post-164","page","type-page","status-publish","hentry"],"yoast_head":"<!-- This site is optimized with the Yoast SEO plugin v25.9 - https:\/\/yoast.com\/wordpress\/plugins\/seo\/ -->\n<title>Canvas - Woodpeacker-home<\/title>\n<meta name=\"robots\" content=\"index, follow, max-snippet:-1, max-image-preview:large, max-video-preview:-1\" \/>\n<link rel=\"canonical\" href=\"https:\/\/woodpeacker-home.com\/?page_id=164\" \/>\n<meta property=\"og:locale\" content=\"en_US\" \/>\n<meta property=\"og:type\" content=\"article\" \/>\n<meta property=\"og:title\" content=\"Canvas - Woodpeacker-home\" \/>\n<meta property=\"og:description\" content=\"Wprowadzenie do naszego projektu domu Ten projekt jest kwintesencj\u0105 naszej filozofii: po\u0142\u0105czenia zr\u00f3wnowa\u017conej innowacji z ponadczasowym designem. Od samego pocz\u0105tku naszym celem by\u0142o stworzenie domu, kt\u00f3ry nie tylko spe\u0142nia wsp\u00f3\u0142czesne standardy komfortu i funkcjonalno\u015bci, ale r\u00f3wnie\u017c wyznacza nowe kierunki w ekologicznym budownictwie. Dom zosta\u0142 zaprojektowany z trosk\u0105 zar\u00f3wno o ludzi, jak i o \u015brodowisko. Dzi\u0119ki [&hellip;]\" \/>\n<meta property=\"og:url\" content=\"https:\/\/woodpeacker-home.com\/?page_id=164\" \/>\n<meta property=\"og:site_name\" content=\"Woodpeacker-home\" \/>\n<meta property=\"article:modified_time\" content=\"2025-09-12T09:33:07+00:00\" \/>\n<meta property=\"og:image\" content=\"https:\/\/woodpeacker-home.com\/wp-content\/uploads\/2025\/09\/Canvas1.webp\" \/>\n\t<meta property=\"og:image:width\" content=\"705\" \/>\n\t<meta property=\"og:image:height\" content=\"732\" \/>\n\t<meta property=\"og:image:type\" content=\"image\/webp\" \/>\n<meta name=\"twitter:card\" content=\"summary_large_image\" \/>\n<meta name=\"twitter:label1\" content=\"Est. reading time\" \/>\n\t<meta name=\"twitter:data1\" content=\"1 minute\" \/>\n<script type=\"application\/ld+json\" class=\"yoast-schema-graph\">{\"@context\":\"https:\/\/schema.org\",\"@graph\":[{\"@type\":\"WebPage\",\"@id\":\"https:\/\/woodpeacker-home.com\/?page_id=164\",\"url\":\"https:\/\/woodpeacker-home.com\/?page_id=164\",\"name\":\"Canvas - Woodpeacker-home\",\"isPartOf\":{\"@id\":\"https:\/\/woodpeacker-home.com\/#website\"},\"primaryImageOfPage\":{\"@id\":\"https:\/\/woodpeacker-home.com\/?page_id=164#primaryimage\"},\"image\":{\"@id\":\"https:\/\/woodpeacker-home.com\/?page_id=164#primaryimage\"},\"thumbnailUrl\":\"https:\/\/woodpeacker-home.com\/wp-content\/uploads\/2025\/09\/Canvas1.webp\",\"datePublished\":\"2025-09-11T18:30:48+00:00\",\"dateModified\":\"2025-09-12T09:33:07+00:00\",\"breadcrumb\":{\"@id\":\"https:\/\/woodpeacker-home.com\/?page_id=164#breadcrumb\"},\"inLanguage\":\"en-US\",\"potentialAction\":[{\"@type\":\"ReadAction\",\"target\":[\"https:\/\/woodpeacker-home.com\/?page_id=164\"]}]},{\"@type\":\"ImageObject\",\"inLanguage\":\"en-US\",\"@id\":\"https:\/\/woodpeacker-home.com\/?page_id=164#primaryimage\",\"url\":\"https:\/\/woodpeacker-home.com\/wp-content\/uploads\/2025\/09\/Canvas1.webp\",\"contentUrl\":\"https:\/\/woodpeacker-home.com\/wp-content\/uploads\/2025\/09\/Canvas1.webp\",\"width\":705,\"height\":732},{\"@type\":\"BreadcrumbList\",\"@id\":\"https:\/\/woodpeacker-home.com\/?page_id=164#breadcrumb\",\"itemListElement\":[{\"@type\":\"ListItem\",\"position\":1,\"name\":\"Home\",\"item\":\"https:\/\/woodpeacker-home.com\/\"},{\"@type\":\"ListItem\",\"position\":2,\"name\":\"Canvas\"}]},{\"@type\":\"WebSite\",\"@id\":\"https:\/\/woodpeacker-home.com\/#website\",\"url\":\"https:\/\/woodpeacker-home.com\/\",\"name\":\"Woodpeacker-home\",\"description\":\"Woodpeacker-home\",\"potentialAction\":[{\"@type\":\"SearchAction\",\"target\":{\"@type\":\"EntryPoint\",\"urlTemplate\":\"https:\/\/woodpeacker-home.com\/?s={search_term_string}\"},\"query-input\":{\"@type\":\"PropertyValueSpecification\",\"valueRequired\":true,\"valueName\":\"search_term_string\"}}],\"inLanguage\":\"en-US\"}]}<\/script>\n<!-- \/ Yoast SEO plugin. -->","yoast_head_json":{"title":"Canvas - Woodpeacker-home","robots":{"index":"index","follow":"follow","max-snippet":"max-snippet:-1","max-image-preview":"max-image-preview:large","max-video-preview":"max-video-preview:-1"},"canonical":"https:\/\/woodpeacker-home.com\/?page_id=164","og_locale":"en_US","og_type":"article","og_title":"Canvas - Woodpeacker-home","og_description":"Wprowadzenie do naszego projektu domu Ten projekt jest kwintesencj\u0105 naszej filozofii: po\u0142\u0105czenia zr\u00f3wnowa\u017conej innowacji z ponadczasowym designem. Od samego pocz\u0105tku naszym celem by\u0142o stworzenie domu, kt\u00f3ry nie tylko spe\u0142nia wsp\u00f3\u0142czesne standardy komfortu i funkcjonalno\u015bci, ale r\u00f3wnie\u017c wyznacza nowe kierunki w ekologicznym budownictwie. Dom zosta\u0142 zaprojektowany z trosk\u0105 zar\u00f3wno o ludzi, jak i o \u015brodowisko. Dzi\u0119ki [&hellip;]","og_url":"https:\/\/woodpeacker-home.com\/?page_id=164","og_site_name":"Woodpeacker-home","article_modified_time":"2025-09-12T09:33:07+00:00","og_image":[{"width":705,"height":732,"url":"https:\/\/woodpeacker-home.com\/wp-content\/uploads\/2025\/09\/Canvas1.webp","type":"image\/webp"}],"twitter_card":"summary_large_image","twitter_misc":{"Est. reading time":"1 minute"},"schema":{"@context":"https:\/\/schema.org","@graph":[{"@type":"WebPage","@id":"https:\/\/woodpeacker-home.com\/?page_id=164","url":"https:\/\/woodpeacker-home.com\/?page_id=164","name":"Canvas - Woodpeacker-home","isPartOf":{"@id":"https:\/\/woodpeacker-home.com\/#website"},"primaryImageOfPage":{"@id":"https:\/\/woodpeacker-home.com\/?page_id=164#primaryimage"},"image":{"@id":"https:\/\/woodpeacker-home.com\/?page_id=164#primaryimage"},"thumbnailUrl":"https:\/\/woodpeacker-home.com\/wp-content\/uploads\/2025\/09\/Canvas1.webp","datePublished":"2025-09-11T18:30:48+00:00","dateModified":"2025-09-12T09:33:07+00:00","breadcrumb":{"@id":"https:\/\/woodpeacker-home.com\/?page_id=164#breadcrumb"},"inLanguage":"en-US","potentialAction":[{"@type":"ReadAction","target":["https:\/\/woodpeacker-home.com\/?page_id=164"]}]},{"@type":"ImageObject","inLanguage":"en-US","@id":"https:\/\/woodpeacker-home.com\/?page_id=164#primaryimage","url":"https:\/\/woodpeacker-home.com\/wp-content\/uploads\/2025\/09\/Canvas1.webp","contentUrl":"https:\/\/woodpeacker-home.com\/wp-content\/uploads\/2025\/09\/Canvas1.webp","width":705,"height":732},{"@type":"BreadcrumbList","@id":"https:\/\/woodpeacker-home.com\/?page_id=164#breadcrumb","itemListElement":[{"@type":"ListItem","position":1,"name":"Home","item":"https:\/\/woodpeacker-home.com\/"},{"@type":"ListItem","position":2,"name":"Canvas"}]},{"@type":"WebSite","@id":"https:\/\/woodpeacker-home.com\/#website","url":"https:\/\/woodpeacker-home.com\/","name":"Woodpeacker-home","description":"Woodpeacker-home","potentialAction":[{"@type":"SearchAction","target":{"@type":"EntryPoint","urlTemplate":"https:\/\/woodpeacker-home.com\/?s={search_term_string}"},"query-input":{"@type":"PropertyValueSpecification","valueRequired":true,"valueName":"search_term_string"}}],"inLanguage":"en-US"}]}},"rttpg_featured_image_url":null,"rttpg_author":{"display_name":"rem269222","author_link":"https:\/\/woodpeacker-home.com\/?author=1"},"rttpg_comment":0,"rttpg_category":null,"rttpg_excerpt":"Wprowadzenie do naszego projektu domu Ten projekt jest kwintesencj\u0105 naszej filozofii: po\u0142\u0105czenia zr\u00f3wnowa\u017conej innowacji z ponadczasowym designem. Od samego pocz\u0105tku naszym celem by\u0142o stworzenie domu, kt\u00f3ry nie tylko spe\u0142nia wsp\u00f3\u0142czesne standardy komfortu i funkcjonalno\u015bci, ale r\u00f3wnie\u017c wyznacza nowe kierunki w ekologicznym budownictwie. Dom zosta\u0142 zaprojektowany z trosk\u0105 zar\u00f3wno o ludzi, jak i o \u015brodowisko. Dzi\u0119ki&hellip;","_links":{"self":[{"href":"https:\/\/woodpeacker-home.com\/index.php?rest_route=\/wp\/v2\/pages\/164","targetHints":{"allow":["GET"]}}],"collection":[{"href":"https:\/\/woodpeacker-home.com\/index.php?rest_route=\/wp\/v2\/pages"}],"about":[{"href":"https:\/\/woodpeacker-home.com\/index.php?rest_route=\/wp\/v2\/types\/page"}],"author":[{"embeddable":true,"href":"https:\/\/woodpeacker-home.com\/index.php?rest_route=\/wp\/v2\/users\/1"}],"replies":[{"embeddable":true,"href":"https:\/\/woodpeacker-home.com\/index.php?rest_route=%2Fwp%2Fv2%2Fcomments&post=164"}],"version-history":[{"count":6,"href":"https:\/\/woodpeacker-home.com\/index.php?rest_route=\/wp\/v2\/pages\/164\/revisions"}],"predecessor-version":[{"id":228,"href":"https:\/\/woodpeacker-home.com\/index.php?rest_route=\/wp\/v2\/pages\/164\/revisions\/228"}],"wp:attachment":[{"href":"https:\/\/woodpeacker-home.com\/index.php?rest_route=%2Fwp%2Fv2%2Fmedia&parent=164"}],"curies":[{"name":"wp","href":"https:\/\/api.w.org\/{rel}","templated":true}]}}