{"id":58,"date":"2025-09-10T19:27:40","date_gmt":"2025-09-10T17:27:40","guid":{"rendered":"https:\/\/woodpeacker-home.com\/?page_id=58"},"modified":"2025-09-11T12:01:34","modified_gmt":"2025-09-11T10:01:34","slug":"o-nas","status":"publish","type":"page","link":"https:\/\/woodpeacker-home.com\/?page_id=58","title":{"rendered":"O NAS"},"content":{"rendered":"<p data-start=\"372\" data-end=\"448\"><strong>W<\/strong> Woodpeacker nie tylko budujemy domy\u00a0 zmieniamy spos\u00f3b, w jaki powstaj\u0105.<\/p>\n<p data-start=\"450\" data-end=\"635\">Zamiast opiera\u0107 si\u0119 na tradycyjnym budownictwie murowanym, tworzymy nowoczesne przestrzenie mieszkalne, kt\u00f3re powstaj\u0105 szybciej, s\u0105 bardziej funkcjonalne i przyja\u017aniejsze dla planety.<\/p>\n<p data-start=\"637\" data-end=\"837\">Dajemy zapomnianym materia\u0142om drugie \u017cycie. Z odzysku, z demonta\u017cu czy z drobnymi wadami produkcyjnymi dzi\u0119ki rzemios\u0142u zamieniamy je w unikalne detale, kt\u00f3re nadaj\u0105 domom charakter i wyj\u0105tkowo\u015b\u0107.<!--more--><\/p>\n<p data-start=\"839\" data-end=\"1038\">Dla nas zr\u00f3wnowa\u017cony rozw\u00f3j to nie slogan. To fundament ka\u017cdego projektu. Ka\u017cdy dom projektujemy tak, by minimalizowa\u0142 \u015blad w\u0119glowy, a jednocze\u015bnie zachwyca\u0142 estetyk\u0105, funkcjonalno\u015bci\u0105 i komfortem.<\/p>\n<p data-start=\"1040\" data-end=\"1150\">Woodpeacker powsta\u0142, aby pokaza\u0107, \u017ce odpowiedzialne budowanie mo\u017ce i\u015b\u0107 w parze z pi\u0119knem i trwa\u0142\u0105 warto\u015bci\u0105.<\/p>\n","protected":false},"excerpt":{"rendered":"<p>W Woodpeacker nie tylko budujemy domy\u00a0 zmieniamy spos\u00f3b, w jaki powstaj\u0105. Zamiast opiera\u0107 si\u0119 na tradycyjnym budownictwie murowanym, tworzymy nowoczesne przestrzenie mieszkalne, kt\u00f3re powstaj\u0105 szybciej, s\u0105 bardziej funkcjonalne i przyja\u017aniejsze dla planety. Dajemy zapomnianym materia\u0142om drugie \u017cycie. Z odzysku, z demonta\u017cu czy z drobnymi wadami produkcyjnymi dzi\u0119ki rzemios\u0142u zamieniamy je w unikalne detale, kt\u00f3re nadaj\u0105 [&hellip;]<\/p>\n","protected":false},"author":1,"featured_media":96,"parent":0,"menu_order":0,"comment_status":"closed","ping_status":"closed","template":"","meta":{"footnotes":""},"class_list":["post-58","page","type-page","status-publish","has-post-thumbnail","hentry"],"yoast_head":"<!-- This site is optimized with the Yoast SEO plugin v25.9 - https:\/\/yoast.com\/wordpress\/plugins\/seo\/ -->\n<title>O NAS - Woodpeacker-home<\/title>\n<meta name=\"robots\" content=\"index, follow, max-snippet:-1, max-image-preview:large, max-video-preview:-1\" \/>\n<link rel=\"canonical\" href=\"https:\/\/woodpeacker-home.com\/?page_id=58\" \/>\n<meta property=\"og:locale\" content=\"en_US\" \/>\n<meta property=\"og:type\" content=\"article\" \/>\n<meta property=\"og:title\" content=\"O NAS - Woodpeacker-home\" \/>\n<meta property=\"og:description\" content=\"W Woodpeacker nie tylko budujemy domy\u00a0 zmieniamy spos\u00f3b, w jaki powstaj\u0105. Zamiast opiera\u0107 si\u0119 na tradycyjnym budownictwie murowanym, tworzymy nowoczesne przestrzenie mieszkalne, kt\u00f3re powstaj\u0105 szybciej, s\u0105 bardziej funkcjonalne i przyja\u017aniejsze dla planety. Dajemy zapomnianym materia\u0142om drugie \u017cycie. Z odzysku, z demonta\u017cu czy z drobnymi wadami produkcyjnymi dzi\u0119ki rzemios\u0142u zamieniamy je w unikalne detale, kt\u00f3re nadaj\u0105 [&hellip;]\" \/>\n<meta property=\"og:url\" content=\"https:\/\/woodpeacker-home.com\/?page_id=58\" \/>\n<meta property=\"og:site_name\" content=\"Woodpeacker-home\" \/>\n<meta property=\"article:modified_time\" content=\"2025-09-11T10:01:34+00:00\" \/>\n<meta property=\"og:image\" content=\"https:\/\/woodpeacker-home.com\/wp-content\/uploads\/2025\/09\/332.webp\" \/>\n\t<meta property=\"og:image:width\" content=\"1536\" \/>\n\t<meta property=\"og:image:height\" content=\"1024\" \/>\n\t<meta property=\"og:image:type\" content=\"image\/webp\" \/>\n<meta name=\"twitter:card\" content=\"summary_large_image\" \/>\n<meta name=\"twitter:label1\" content=\"Est. reading time\" \/>\n\t<meta name=\"twitter:data1\" content=\"1 minute\" \/>\n<script type=\"application\/ld+json\" class=\"yoast-schema-graph\">{\"@context\":\"https:\/\/schema.org\",\"@graph\":[{\"@type\":\"WebPage\",\"@id\":\"https:\/\/woodpeacker-home.com\/?page_id=58\",\"url\":\"https:\/\/woodpeacker-home.com\/?page_id=58\",\"name\":\"O NAS - Woodpeacker-home\",\"isPartOf\":{\"@id\":\"https:\/\/woodpeacker-home.com\/#website\"},\"primaryImageOfPage\":{\"@id\":\"https:\/\/woodpeacker-home.com\/?page_id=58#primaryimage\"},\"image\":{\"@id\":\"https:\/\/woodpeacker-home.com\/?page_id=58#primaryimage\"},\"thumbnailUrl\":\"https:\/\/woodpeacker-home.com\/wp-content\/uploads\/2025\/09\/332.webp\",\"datePublished\":\"2025-09-10T17:27:40+00:00\",\"dateModified\":\"2025-09-11T10:01:34+00:00\",\"breadcrumb\":{\"@id\":\"https:\/\/woodpeacker-home.com\/?page_id=58#breadcrumb\"},\"inLanguage\":\"en-US\",\"potentialAction\":[{\"@type\":\"ReadAction\",\"target\":[\"https:\/\/woodpeacker-home.com\/?page_id=58\"]}]},{\"@type\":\"ImageObject\",\"inLanguage\":\"en-US\",\"@id\":\"https:\/\/woodpeacker-home.com\/?page_id=58#primaryimage\",\"url\":\"https:\/\/woodpeacker-home.com\/wp-content\/uploads\/2025\/09\/332.webp\",\"contentUrl\":\"https:\/\/woodpeacker-home.com\/wp-content\/uploads\/2025\/09\/332.webp\",\"width\":1536,\"height\":1024},{\"@type\":\"BreadcrumbList\",\"@id\":\"https:\/\/woodpeacker-home.com\/?page_id=58#breadcrumb\",\"itemListElement\":[{\"@type\":\"ListItem\",\"position\":1,\"name\":\"Home\",\"item\":\"https:\/\/woodpeacker-home.com\/\"},{\"@type\":\"ListItem\",\"position\":2,\"name\":\"O NAS\"}]},{\"@type\":\"WebSite\",\"@id\":\"https:\/\/woodpeacker-home.com\/#website\",\"url\":\"https:\/\/woodpeacker-home.com\/\",\"name\":\"Woodpeacker-home\",\"description\":\"Woodpeacker-home\",\"potentialAction\":[{\"@type\":\"SearchAction\",\"target\":{\"@type\":\"EntryPoint\",\"urlTemplate\":\"https:\/\/woodpeacker-home.com\/?s={search_term_string}\"},\"query-input\":{\"@type\":\"PropertyValueSpecification\",\"valueRequired\":true,\"valueName\":\"search_term_string\"}}],\"inLanguage\":\"en-US\"}]}<\/script>\n<!-- \/ Yoast SEO plugin. -->","yoast_head_json":{"title":"O NAS - Woodpeacker-home","robots":{"index":"index","follow":"follow","max-snippet":"max-snippet:-1","max-image-preview":"max-image-preview:large","max-video-preview":"max-video-preview:-1"},"canonical":"https:\/\/woodpeacker-home.com\/?page_id=58","og_locale":"en_US","og_type":"article","og_title":"O NAS - Woodpeacker-home","og_description":"W Woodpeacker nie tylko budujemy domy\u00a0 zmieniamy spos\u00f3b, w jaki powstaj\u0105. Zamiast opiera\u0107 si\u0119 na tradycyjnym budownictwie murowanym, tworzymy nowoczesne przestrzenie mieszkalne, kt\u00f3re powstaj\u0105 szybciej, s\u0105 bardziej funkcjonalne i przyja\u017aniejsze dla planety. Dajemy zapomnianym materia\u0142om drugie \u017cycie. Z odzysku, z demonta\u017cu czy z drobnymi wadami produkcyjnymi dzi\u0119ki rzemios\u0142u zamieniamy je w unikalne detale, kt\u00f3re nadaj\u0105 [&hellip;]","og_url":"https:\/\/woodpeacker-home.com\/?page_id=58","og_site_name":"Woodpeacker-home","article_modified_time":"2025-09-11T10:01:34+00:00","og_image":[{"width":1536,"height":1024,"url":"https:\/\/woodpeacker-home.com\/wp-content\/uploads\/2025\/09\/332.webp","type":"image\/webp"}],"twitter_card":"summary_large_image","twitter_misc":{"Est. reading time":"1 minute"},"schema":{"@context":"https:\/\/schema.org","@graph":[{"@type":"WebPage","@id":"https:\/\/woodpeacker-home.com\/?page_id=58","url":"https:\/\/woodpeacker-home.com\/?page_id=58","name":"O NAS - Woodpeacker-home","isPartOf":{"@id":"https:\/\/woodpeacker-home.com\/#website"},"primaryImageOfPage":{"@id":"https:\/\/woodpeacker-home.com\/?page_id=58#primaryimage"},"image":{"@id":"https:\/\/woodpeacker-home.com\/?page_id=58#primaryimage"},"thumbnailUrl":"https:\/\/woodpeacker-home.com\/wp-content\/uploads\/2025\/09\/332.webp","datePublished":"2025-09-10T17:27:40+00:00","dateModified":"2025-09-11T10:01:34+00:00","breadcrumb":{"@id":"https:\/\/woodpeacker-home.com\/?page_id=58#breadcrumb"},"inLanguage":"en-US","potentialAction":[{"@type":"ReadAction","target":["https:\/\/woodpeacker-home.com\/?page_id=58"]}]},{"@type":"ImageObject","inLanguage":"en-US","@id":"https:\/\/woodpeacker-home.com\/?page_id=58#primaryimage","url":"https:\/\/woodpeacker-home.com\/wp-content\/uploads\/2025\/09\/332.webp","contentUrl":"https:\/\/woodpeacker-home.com\/wp-content\/uploads\/2025\/09\/332.webp","width":1536,"height":1024},{"@type":"BreadcrumbList","@id":"https:\/\/woodpeacker-home.com\/?page_id=58#breadcrumb","itemListElement":[{"@type":"ListItem","position":1,"name":"Home","item":"https:\/\/woodpeacker-home.com\/"},{"@type":"ListItem","position":2,"name":"O NAS"}]},{"@type":"WebSite","@id":"https:\/\/woodpeacker-home.com\/#website","url":"https:\/\/woodpeacker-home.com\/","name":"Woodpeacker-home","description":"Woodpeacker-home","potentialAction":[{"@type":"SearchAction","target":{"@type":"EntryPoint","urlTemplate":"https:\/\/woodpeacker-home.com\/?s={search_term_string}"},"query-input":{"@type":"PropertyValueSpecification","valueRequired":true,"valueName":"search_term_string"}}],"inLanguage":"en-US"}]}},"rttpg_featured_image_url":{"full":["https:\/\/woodpeacker-home.com\/wp-content\/uploads\/2025\/09\/332.webp",1536,1024,false],"landscape":["https:\/\/woodpeacker-home.com\/wp-content\/uploads\/2025\/09\/332.webp",1536,1024,false],"portraits":["https:\/\/woodpeacker-home.com\/wp-content\/uploads\/2025\/09\/332.webp",1536,1024,false],"thumbnail":["https:\/\/woodpeacker-home.com\/wp-content\/uploads\/2025\/09\/332-150x150.webp",150,150,true],"medium":["https:\/\/woodpeacker-home.com\/wp-content\/uploads\/2025\/09\/332-300x200.webp",300,200,true],"large":["https:\/\/woodpeacker-home.com\/wp-content\/uploads\/2025\/09\/332-1024x683.webp",1024,683,true],"1536x1536":["https:\/\/woodpeacker-home.com\/wp-content\/uploads\/2025\/09\/332.webp",1536,1024,false],"2048x2048":["https:\/\/woodpeacker-home.com\/wp-content\/uploads\/2025\/09\/332.webp",1536,1024,false]},"rttpg_author":{"display_name":"rem269222","author_link":"https:\/\/woodpeacker-home.com\/?author=1"},"rttpg_comment":0,"rttpg_category":null,"rttpg_excerpt":"W Woodpeacker nie tylko budujemy domy\u00a0 zmieniamy spos\u00f3b, w jaki powstaj\u0105. Zamiast opiera\u0107 si\u0119 na tradycyjnym budownictwie murowanym, tworzymy nowoczesne przestrzenie mieszkalne, kt\u00f3re powstaj\u0105 szybciej, s\u0105 bardziej funkcjonalne i przyja\u017aniejsze dla planety. Dajemy zapomnianym materia\u0142om drugie \u017cycie. Z odzysku, z demonta\u017cu czy z drobnymi wadami produkcyjnymi dzi\u0119ki rzemios\u0142u zamieniamy je w unikalne detale, kt\u00f3re nadaj\u0105&hellip;","_links":{"self":[{"href":"https:\/\/woodpeacker-home.com\/index.php?rest_route=\/wp\/v2\/pages\/58","targetHints":{"allow":["GET"]}}],"collection":[{"href":"https:\/\/woodpeacker-home.com\/index.php?rest_route=\/wp\/v2\/pages"}],"about":[{"href":"https:\/\/woodpeacker-home.com\/index.php?rest_route=\/wp\/v2\/types\/page"}],"author":[{"embeddable":true,"href":"https:\/\/woodpeacker-home.com\/index.php?rest_route=\/wp\/v2\/users\/1"}],"replies":[{"embeddable":true,"href":"https:\/\/woodpeacker-home.com\/index.php?rest_route=%2Fwp%2Fv2%2Fcomments&post=58"}],"version-history":[{"count":18,"href":"https:\/\/woodpeacker-home.com\/index.php?rest_route=\/wp\/v2\/pages\/58\/revisions"}],"predecessor-version":[{"id":98,"href":"https:\/\/woodpeacker-home.com\/index.php?rest_route=\/wp\/v2\/pages\/58\/revisions\/98"}],"wp:featuredmedia":[{"embeddable":true,"href":"https:\/\/woodpeacker-home.com\/index.php?rest_route=\/wp\/v2\/media\/96"}],"wp:attachment":[{"href":"https:\/\/woodpeacker-home.com\/index.php?rest_route=%2Fwp%2Fv2%2Fmedia&parent=58"}],"curies":[{"name":"wp","href":"https:\/\/api.w.org\/{rel}","templated":true}]}}